{"id":205,"date":"2021-05-10T07:00:40","date_gmt":"2021-05-10T07:00:40","guid":{"rendered":"https:\/\/magossystems.com\/?page_id=205"},"modified":"2026-04-21T08:19:03","modified_gmt":"2026-04-21T08:19:03","slug":"radars","status":"publish","type":"page","link":"https:\/\/magossystems.com\/de\/radars\/","title":{"rendered":"Radaranlagen von Magos"},"content":{"rendered":"<div data-elementor-type=\"wp-page\" data-elementor-id=\"205\" class=\"elementor elementor-205\" data-elementor-post-type=\"page\">\n\t\t\t\t\t\t\t\t\t<section class=\"elementor-section elementor-top-section elementor-element elementor-element-8055598 elementor-hidden-tablet elementor-hidden-phone elementor-section-boxed elementor-section-height-default elementor-section-height-default\" data-id=\"8055598\" data-element_type=\"section\">\n\t\t\t\t\t\t<div class=\"elementor-container elementor-column-gap-default\">\n\t\t\t\t\t<div class=\"elementor-column elementor-col-100 elementor-top-column elementor-element elementor-element-925d03b\" data-id=\"925d03b\" data-element_type=\"column\">\n\t\t\t<div class=\"elementor-widget-wrap elementor-element-populated\">\n\t\t\t\t\t\t\t\t<div class=\"elementor-element elementor-element-fe08d9d how-it-works-img elementor-widget elementor-widget-mg-product-intro\" data-id=\"fe08d9d\" data-element_type=\"widget\" data-widget_type=\"mg-product-intro.default\">\n\t\t\t\t<div class=\"elementor-widget-container\">\n\t\t\t\n        <section class=\"how-it-works section-border\">\n\n            <div class=\"row\">\n\n                <div class=\"col-md-6\">\n\n                    <div class=\"text\">\n\n                        <p>Magos' radars combine great range resolution (0.1m), an angle resolution lower than 0.7\u00b0, and wide coverage of up to 120\u00b0X30\u00b0 allowing for near-perfect detection for all types of threats even in the most challenging cluttered environments and in all weather conditions.<\/p>\n\n                    <\/div>\n\n                    <div class=\"work-steps\">\n\n                        <h2 class=\"title\">HAUPTMERKMALE<\/h2><ul><li><p>Einsatz modernster MIMO- und digitaler Strahlformungstechnologie<\/p><\/li><li><p>Area coverage of over 23,500m\u00b2 (&gt;6 acres) to 810,000m\u00b2 (&gt;200 acres).<\/p><\/li><li><p>Detection range of 150m to 1,000m for walker\/vehicle\/boat.<\/p><\/li><li><p>Extremely low power consumption.<\/p><\/li><li><p>Highly resistant in severe outdoor installations conditions, with an operating range of -40\u00b0C up to +70\u00b0C, IP67 rating, and UV resistant materials.<\/p><\/li><li><p>Nur geringe Daten\u00fcbertragungsraten sind erforderlich (unter 100\u00a0kbps).<\/p><\/li><li><p>PoE-Schnittstelle.<\/p><\/li><\/ul>\n                    <\/div>\n\n                <\/div>\n\n                <div class=\"col-md-6\">\n\n                    <div class=\"thumb\">\n\n                        <img decoding=\"async\" src=\"https:\/\/magossystems.com\/wp-content\/uploads\/2023\/08\/Image-for-website-2.png\" alt=\"\">\n\n                    <\/div>\n\n                <\/div>\n\n            <\/div>\n\n        <\/section>\n\n        \t\t<\/div>\n\t\t\t\t<\/div>\n\t\t\t\t\t<\/div>\n\t\t<\/div>\n\t\t\t\t\t\t\t<\/div>\n\t\t<\/section>\n\t\t\t\t<section class=\"elementor-section elementor-top-section elementor-element elementor-element-2cc6d01 elementor-hidden-desktop elementor-section-boxed elementor-section-height-default elementor-section-height-default\" data-id=\"2cc6d01\" data-element_type=\"section\">\n\t\t\t\t\t\t<div class=\"elementor-container elementor-column-gap-default\">\n\t\t\t\t\t<div class=\"elementor-column elementor-col-100 elementor-top-column elementor-element elementor-element-a2e9ce8\" data-id=\"a2e9ce8\" data-element_type=\"column\">\n\t\t\t<div class=\"elementor-widget-wrap elementor-element-populated\">\n\t\t\t\t\t\t\t\t<div class=\"elementor-element elementor-element-36a93d7 how-it-works-img elementor-widget elementor-widget-mg-product-intro\" data-id=\"36a93d7\" data-element_type=\"widget\" data-widget_type=\"mg-product-intro.default\">\n\t\t\t\t<div class=\"elementor-widget-container\">\n\t\t\t\n        <section class=\"how-it-works section-border\">\n\n            <div class=\"row\">\n\n                <div class=\"col-md-6\">\n\n                    <div class=\"text\">\n\n                        <p>Die Radaranlagen von Magos vereinen ein \u00fcberragendes Entfernungsaufkl\u00e4rungsverm\u00f6gen (unter 1 m), ein Aufl\u00f6sungsverm\u00f6gen von weniger als 0,7\u00b0 und gro\u00dfe \u00dcberwachungsbereiche von bis zu 120\u00b0\u00a0x\u00a030\u00b0. Damit wird selbst bei starkem St\u00f6recho bzw. Clutter und bei allen Wetterbedingungen eine nahezu perfekte Erkennung aller Bedrohungsarten gew\u00e4hrleistet.<\/p>\n\n                    <\/div>\n\n                    <div class=\"work-steps\">\n\n                        <h2 class=\"title\">HAUPTMERKMALE<\/h2><ul><li><p>Einsatz modernster MIMO- und digitaler Strahlformungstechnologie<\/p><\/li><li><p>\u00dcberwacht eine Fl\u00e4che von mehr als 50.000\u00a0m\u00b2 (&gt; 5 Hektar) bis 810.000\u00a0m\u00b2 (&gt; 80 Hektar)<\/p><\/li><li><p>Fu\u00dfg\u00e4nger\/Fahrzeuge\/Boote werden \u00fcber einen Bereich von 250\u00a0m bis 1000\u00a0m erfasst<\/p><\/li><li><p>Extrem geringe Leistungsaufnahme<\/p><\/li><li><p>Mit einem Betriebsbereich von -40\u00a0\u00b0C bis zu +85\u00a0\u00b0C, Schutzart IP67 und UV-best\u00e4ndigen Materialien wurden die Anlagen f\u00fcr raue Bedingungen im Freien entwickelt<\/p><\/li><li><p>Nur geringe Daten\u00fcbertragungsraten sind erforderlich (unter 100\u00a0kbps)<\/p><\/li><li><p>PoE-Schnittstelle<\/p><\/li><\/ul>\n                    <\/div>\n\n                <\/div>\n\n                <div class=\"col-md-6\">\n\n                    <div class=\"thumb\">\n\n                        <img decoding=\"async\" src=\"https:\/\/magossystems.com\/wp-content\/uploads\/2023\/08\/Image-for-website-2.png\" alt=\"\">\n\n                    <\/div>\n\n                <\/div>\n\n            <\/div>\n\n        <\/section>\n\n        \t\t<\/div>\n\t\t\t\t<\/div>\n\t\t\t\t\t<\/div>\n\t\t<\/div>\n\t\t\t\t\t\t\t<\/div>\n\t\t<\/section>\n\t\t\t\t<section class=\"elementor-section elementor-top-section elementor-element elementor-element-128d9db elementor-section-stretched elementor-section-boxed elementor-section-height-default elementor-section-height-default\" data-id=\"128d9db\" data-element_type=\"section\" data-settings=\"{&quot;stretch_section&quot;:&quot;section-stretched&quot;}\">\n\t\t\t\t\t\t<div class=\"elementor-container elementor-column-gap-default\">\n\t\t\t\t\t<div class=\"elementor-column elementor-col-100 elementor-top-column elementor-element elementor-element-ab869cf\" data-id=\"ab869cf\" data-element_type=\"column\">\n\t\t\t<div class=\"elementor-widget-wrap elementor-element-populated\">\n\t\t\t\t\t\t\t\t<div class=\"elementor-element elementor-element-836ee2e elementor-widget elementor-widget-mg-radar-resultion\" data-id=\"836ee2e\" data-element_type=\"widget\" data-widget_type=\"mg-radar-resultion.default\">\n\t\t\t\t<div class=\"elementor-widget-container\">\n\t\t\t\n        <section class=\"radar-section\">\n\n            <div class=\"row\">\n\n                <div class=\"col-md-6\">\n\n                    <div class=\"text\">\n\n                        <div class=\"thumb-icon\"><img decoding=\"async\" src=\"https:\/\/magossystems.com\/wp-content\/uploads\/2021\/05\/radar-icon.png\"><\/div>\n\n                        <h2 class=\"title\">HOCHAUFL\u00d6SENDES RADAR<\/h2>\n\n                        <p class=\"sub-title\">HOCHAUFL\u00d6SENDE RADARANLAGEN VON MAGOS WERDEN TYPISCHERWEISE IN BEREICHEN VOLLER CLUTTER EINGESETZT<\/p>\n\n                        <p>Nur ein kleiner\/schmaler freier Bereich von weniger als 10\u00a0m ist zwischen einem Zaun und m\u00f6glichen Hindernissen wie B\u00e4umen, fahrenden Autos usw. erforderlich.<\/p>\n\n                    <\/div>\n\n                <\/div>\n\n                <div class=\"col-md-6\">\n\n                    <div class=\"thumb\">\n\n                        <img decoding=\"async\" src=\"https:\/\/magossystems.com\/wp-content\/uploads\/2021\/05\/1.jpg\" alt=\"\">\n\n                    <\/div>\n\n                <\/div>\n\n            <\/div>\n\n        <\/section>\n\n        \t\t<\/div>\n\t\t\t\t<\/div>\n\t\t\t\t\t<\/div>\n\t\t<\/div>\n\t\t\t\t\t\t\t<\/div>\n\t\t<\/section>\n\t\t\t\t<section class=\"elementor-section elementor-top-section elementor-element elementor-element-1b8223d elementor-section-stretched elementor-section-full_width elementor-section-height-default elementor-section-height-default\" data-id=\"1b8223d\" data-element_type=\"section\" data-settings=\"{&quot;stretch_section&quot;:&quot;section-stretched&quot;}\">\n\t\t\t\t\t\t<div class=\"elementor-container elementor-column-gap-no\">\n\t\t\t\t\t<div class=\"elementor-column elementor-col-100 elementor-top-column elementor-element elementor-element-373f966\" data-id=\"373f966\" data-element_type=\"column\">\n\t\t\t<div class=\"elementor-widget-wrap elementor-element-populated\">\n\t\t\t\t\t\t\t\t<div class=\"elementor-element elementor-element-ba0d09c elementor-widget elementor-widget-mg-product-videos\" data-id=\"ba0d09c\" data-element_type=\"widget\" data-widget_type=\"mg-product-videos.default\">\n\t\t\t\t<div class=\"elementor-widget-container\">\n\t\t\t\n        <section class=\"videos-section\">\n\n            <div class=\"container-custome\">\n\n                <div class=\"videos-slider\">\n\n                    \n                        <div>\n\n                            \n                            <div class=\"thumb\">\n\n                                \n                                    <a href=\"https:\/\/youtu.be\/76qdsGxTsbA?si=_ADzfj33vm1cd-fE?iframe=true&width=620&height=444&allowfullscreen=true allowfullscreen\" allowfullscreen=\"true\" rel=\"prettyPhoto[gallery2]\" title=\"\">\n\n                                        <img decoding=\"async\" src=\"https:\/\/magossystems.com\/wp-content\/uploads\/2023\/03\/2.jpg\">\n\n                                        <!--                                    <iframe src=\"--><!--\" height=\"260\" title=\"--><!--\" allow=\"accelerometer; autoplay; clipboard-write; encrypted-media; gyroscope; picture-in-picture\"><\/iframe>-->\n\n                                    <\/a>\n\n                                    \n                            <\/div>\n\n                            <div class=\"text\">\n\n                                <p>Magos: Your Ultimate Perimeter Protection Solution<\/p>\n\n                            <\/div>\n\n                        <\/div>\n\n                        \n                        <div>\n\n                            \n                            <div class=\"thumb\">\n\n                                \n                                    <a href=\"https:\/\/youtu.be\/IiZ7FMZeK5k?si=aYuWyzRUyCcWpRkH?iframe=true&width=620&height=444&allowfullscreen=true allowfullscreen\" allowfullscreen=\"true\" rel=\"prettyPhoto[gallery2]\" title=\"\">\n\n                                        <img decoding=\"async\" src=\"https:\/\/magossystems.com\/wp-content\/uploads\/2024\/07\/DSC_7606.webp\">\n\n                                        <!--                                    <iframe src=\"--><!--\" height=\"260\" title=\"--><!--\" allow=\"accelerometer; autoplay; clipboard-write; encrypted-media; gyroscope; picture-in-picture\"><\/iframe>-->\n\n                                    <\/a>\n\n                                    \n                            <\/div>\n\n                            <div class=\"text\">\n\n                                <p>AR-300 Drone Detection Radar<\/p>\n\n                            <\/div>\n\n                        <\/div>\n\n                        \n                        <div>\n\n                            \n                            <div class=\"thumb\">\n\n                                \n                                    <a href=\"https:\/\/youtu.be\/iYUOV_eIMI4?si=iOTDu7Dy2r8TfXt-?iframe=true&width=620&height=444&allowfullscreen=true allowfullscreen\" allowfullscreen=\"true\" rel=\"prettyPhoto[gallery2]\" title=\"\">\n\n                                        <img decoding=\"async\" src=\"https:\/\/magossystems.com\/wp-content\/uploads\/2021\/05\/Untitled-design-2.jpg\">\n\n                                        <!--                                    <iframe src=\"--><!--\" height=\"260\" title=\"--><!--\" allow=\"accelerometer; autoplay; clipboard-write; encrypted-media; gyroscope; picture-in-picture\"><\/iframe>-->\n\n                                    <\/a>\n\n                                    \n                            <\/div>\n\n                            <div class=\"text\">\n\n                                <p>Water Reservoir Perimeter Protection<\/p>\n\n                            <\/div>\n\n                        <\/div>\n\n                        \n                        <div>\n\n                            \n                            <div class=\"thumb\">\n\n                                \n                                    <a href=\"https:\/\/youtu.be\/GYiB4rwXUrI?si=21EUZQVYtZn7ZAvb?iframe=true&width=620&height=444&allowfullscreen=true allowfullscreen\" allowfullscreen=\"true\" rel=\"prettyPhoto[gallery2]\" title=\"\">\n\n                                        <img decoding=\"async\" src=\"https:\/\/magossystems.com\/wp-content\/uploads\/2024\/05\/Untitled-design-41.png\">\n\n                                        <!--                                    <iframe src=\"--><!--\" height=\"260\" title=\"--><!--\" allow=\"accelerometer; autoplay; clipboard-write; encrypted-media; gyroscope; picture-in-picture\"><\/iframe>-->\n\n                                    <\/a>\n\n                                    \n                            <\/div>\n\n                            <div class=\"text\">\n\n                                <p>Substations Perimeter Protection<\/p>\n\n                            <\/div>\n\n                        <\/div>\n\n                        \n                        <div>\n\n                            \n                            <div class=\"thumb\">\n\n                                \n                                    <a href=\"https:\/\/youtu.be\/Ymv6XocYW4M?si=n9d0hJmfzl9F4HwC?iframe=true&width=620&height=444&allowfullscreen=true allowfullscreen\" allowfullscreen=\"true\" rel=\"prettyPhoto[gallery2]\" title=\"\">\n\n                                        <img decoding=\"async\" src=\"https:\/\/magossystems.com\/wp-content\/uploads\/2023\/11\/Untitled-design-1.jpg\">\n\n                                        <!--                                    <iframe src=\"--><!--\" height=\"260\" title=\"--><!--\" allow=\"accelerometer; autoplay; clipboard-write; encrypted-media; gyroscope; picture-in-picture\"><\/iframe>-->\n\n                                    <\/a>\n\n                                    \n                            <\/div>\n\n                            <div class=\"text\">\n\n                                <p>Car Lots Perimeter Protection<\/p>\n\n                            <\/div>\n\n                        <\/div>\n\n                        \n                <\/div>\n\n            <\/div>\n\n        <\/section>\n\n        \t\t<\/div>\n\t\t\t\t<\/div>\n\t\t\t\t\t<\/div>\n\t\t<\/div>\n\t\t\t\t\t\t\t<\/div>\n\t\t<\/section>\n\t\t\t\t\t\t\t<\/div>","protected":false},"excerpt":{"rendered":"","protected":false},"author":1,"featured_media":0,"parent":0,"menu_order":0,"comment_status":"closed","ping_status":"closed","template":"template-products.php","meta":{"footnotes":""},"acf":[],"yoast_head":"<!-- This site is optimized with the Yoast SEO plugin v21.4 - https:\/\/yoast.com\/wordpress\/plugins\/seo\/ -->\n<title>Ground-Based Surveillance Radars | Magos Systems<\/title>\n<meta name=\"robots\" content=\"index, follow, max-snippet:-1, max-image-preview:large, max-video-preview:-1\" \/>\n<link rel=\"canonical\" href=\"https:\/\/magossystems.com\/de\/radars\/\" \/>\n<meta property=\"og:locale\" content=\"de_DE\" \/>\n<meta property=\"og:type\" content=\"article\" \/>\n<meta property=\"og:title\" content=\"Ground-Based Surveillance Radars | Magos Systems\" \/>\n<meta property=\"og:url\" content=\"https:\/\/magossystems.com\/de\/radars\/\" \/>\n<meta property=\"og:site_name\" content=\"Magos Systems\" \/>\n<meta property=\"article:publisher\" content=\"https:\/\/www.facebook.com\/magossystems\" \/>\n<meta property=\"article:modified_time\" content=\"2026-04-21T08:19:03+00:00\" \/>\n<meta property=\"og:image\" content=\"https:\/\/magossystems.com\/wp-content\/uploads\/2021\/09\/fb.jpg\" \/>\n\t<meta property=\"og:image:width\" content=\"1859\" \/>\n\t<meta property=\"og:image:height\" content=\"861\" \/>\n\t<meta property=\"og:image:type\" content=\"image\/jpeg\" \/>\n<meta name=\"twitter:card\" content=\"summary_large_image\" \/>\n<meta name=\"twitter:site\" content=\"@magossystems\" \/>\n<meta name=\"twitter:label1\" content=\"Gesch\u00e4tzte Lesezeit\" \/>\n\t<meta name=\"twitter:data1\" content=\"4\u00a0Minuten\" \/>\n<script type=\"application\/ld+json\" class=\"yoast-schema-graph\">{\"@context\":\"https:\/\/schema.org\",\"@graph\":[{\"@type\":\"WebPage\",\"@id\":\"https:\/\/magossystems.com\/radars\/\",\"url\":\"https:\/\/magossystems.com\/radars\/\",\"name\":\"Ground-Based Surveillance Radars | Magos Systems\",\"isPartOf\":{\"@id\":\"https:\/\/magossystems.com\/es\/#website\"},\"datePublished\":\"2021-05-10T07:00:40+00:00\",\"dateModified\":\"2026-04-21T08:19:03+00:00\",\"breadcrumb\":{\"@id\":\"https:\/\/magossystems.com\/radars\/#breadcrumb\"},\"inLanguage\":\"de\",\"potentialAction\":[{\"@type\":\"ReadAction\",\"target\":[\"https:\/\/magossystems.com\/radars\/\"]}]},{\"@type\":\"BreadcrumbList\",\"@id\":\"https:\/\/magossystems.com\/radars\/#breadcrumb\",\"itemListElement\":[{\"@type\":\"ListItem\",\"position\":1,\"name\":\"Home\",\"item\":\"https:\/\/magossystems.com\/\"},{\"@type\":\"ListItem\",\"position\":2,\"name\":\"Magos Radars\"}]},{\"@type\":\"WebSite\",\"@id\":\"https:\/\/magossystems.com\/es\/#website\",\"url\":\"https:\/\/magossystems.com\/es\/\",\"name\":\"Magos Systems\",\"description\":\"The ultimate perimeter security solution\",\"publisher\":{\"@id\":\"https:\/\/magossystems.com\/es\/#organization\"},\"potentialAction\":[{\"@type\":\"SearchAction\",\"target\":{\"@type\":\"EntryPoint\",\"urlTemplate\":\"https:\/\/magossystems.com\/es\/?s={search_term_string}\"},\"query-input\":\"required name=search_term_string\"}],\"inLanguage\":\"de\"},{\"@type\":\"Organization\",\"@id\":\"https:\/\/magossystems.com\/es\/#organization\",\"name\":\"Magos Systems\",\"url\":\"https:\/\/magossystems.com\/es\/\",\"logo\":{\"@type\":\"ImageObject\",\"inLanguage\":\"de\",\"@id\":\"https:\/\/magossystems.com\/es\/#\/schema\/logo\/image\/\",\"url\":\"https:\/\/magossystems.com\/wp-content\/uploads\/2021\/09\/logo.png\",\"contentUrl\":\"https:\/\/magossystems.com\/wp-content\/uploads\/2021\/09\/logo.png\",\"width\":179,\"height\":29,\"caption\":\"Magos Systems\"},\"image\":{\"@id\":\"https:\/\/magossystems.com\/es\/#\/schema\/logo\/image\/\"},\"sameAs\":[\"https:\/\/www.facebook.com\/magossystems\",\"https:\/\/twitter.com\/magossystems\",\"https:\/\/www.linkedin.com\/company\/magosys-systems\/\",\"https:\/\/www.youtube.com\/channel\/UCjsi2HaO8tSONL-Lso2jf-Q\"]}]}<\/script>\n<!-- \/ Yoast SEO plugin. -->","yoast_head_json":{"title":"Ground-Based Surveillance Radars | Magos Systems","robots":{"index":"index","follow":"follow","max-snippet":"max-snippet:-1","max-image-preview":"max-image-preview:large","max-video-preview":"max-video-preview:-1"},"canonical":"https:\/\/magossystems.com\/de\/radars\/","og_locale":"de_DE","og_type":"article","og_title":"Ground-Based Surveillance Radars | Magos Systems","og_url":"https:\/\/magossystems.com\/de\/radars\/","og_site_name":"Magos Systems","article_publisher":"https:\/\/www.facebook.com\/magossystems","article_modified_time":"2026-04-21T08:19:03+00:00","og_image":[{"width":1859,"height":861,"url":"https:\/\/magossystems.com\/wp-content\/uploads\/2021\/09\/fb.jpg","type":"image\/jpeg"}],"twitter_card":"summary_large_image","twitter_site":"@magossystems","twitter_misc":{"Gesch\u00e4tzte Lesezeit":"4\u00a0Minuten"},"schema":{"@context":"https:\/\/schema.org","@graph":[{"@type":"WebPage","@id":"https:\/\/magossystems.com\/radars\/","url":"https:\/\/magossystems.com\/radars\/","name":"Ground-Based Surveillance Radars | Magos Systems","isPartOf":{"@id":"https:\/\/magossystems.com\/es\/#website"},"datePublished":"2021-05-10T07:00:40+00:00","dateModified":"2026-04-21T08:19:03+00:00","breadcrumb":{"@id":"https:\/\/magossystems.com\/radars\/#breadcrumb"},"inLanguage":"de","potentialAction":[{"@type":"ReadAction","target":["https:\/\/magossystems.com\/radars\/"]}]},{"@type":"BreadcrumbList","@id":"https:\/\/magossystems.com\/radars\/#breadcrumb","itemListElement":[{"@type":"ListItem","position":1,"name":"Home","item":"https:\/\/magossystems.com\/"},{"@type":"ListItem","position":2,"name":"Magos Radars"}]},{"@type":"WebSite","@id":"https:\/\/magossystems.com\/es\/#website","url":"https:\/\/magossystems.com\/es\/","name":"Magos Systems","description":"The ultimate perimeter security solution","publisher":{"@id":"https:\/\/magossystems.com\/es\/#organization"},"potentialAction":[{"@type":"SearchAction","target":{"@type":"EntryPoint","urlTemplate":"https:\/\/magossystems.com\/es\/?s={search_term_string}"},"query-input":"required name=search_term_string"}],"inLanguage":"de"},{"@type":"Organization","@id":"https:\/\/magossystems.com\/es\/#organization","name":"Magos Systems","url":"https:\/\/magossystems.com\/es\/","logo":{"@type":"ImageObject","inLanguage":"de","@id":"https:\/\/magossystems.com\/es\/#\/schema\/logo\/image\/","url":"https:\/\/magossystems.com\/wp-content\/uploads\/2021\/09\/logo.png","contentUrl":"https:\/\/magossystems.com\/wp-content\/uploads\/2021\/09\/logo.png","width":179,"height":29,"caption":"Magos Systems"},"image":{"@id":"https:\/\/magossystems.com\/es\/#\/schema\/logo\/image\/"},"sameAs":["https:\/\/www.facebook.com\/magossystems","https:\/\/twitter.com\/magossystems","https:\/\/www.linkedin.com\/company\/magosys-systems\/","https:\/\/www.youtube.com\/channel\/UCjsi2HaO8tSONL-Lso2jf-Q"]}]}},"_links":{"self":[{"href":"https:\/\/magossystems.com\/de\/wp-json\/wp\/v2\/pages\/205"}],"collection":[{"href":"https:\/\/magossystems.com\/de\/wp-json\/wp\/v2\/pages"}],"about":[{"href":"https:\/\/magossystems.com\/de\/wp-json\/wp\/v2\/types\/page"}],"author":[{"embeddable":true,"href":"https:\/\/magossystems.com\/de\/wp-json\/wp\/v2\/users\/1"}],"replies":[{"embeddable":true,"href":"https:\/\/magossystems.com\/de\/wp-json\/wp\/v2\/comments?post=205"}],"version-history":[{"count":338,"href":"https:\/\/magossystems.com\/de\/wp-json\/wp\/v2\/pages\/205\/revisions"}],"predecessor-version":[{"id":5431,"href":"https:\/\/magossystems.com\/de\/wp-json\/wp\/v2\/pages\/205\/revisions\/5431"}],"wp:attachment":[{"href":"https:\/\/magossystems.com\/de\/wp-json\/wp\/v2\/media?parent=205"}],"curies":[{"name":"wp","href":"https:\/\/api.w.org\/{rel}","templated":true}]}}