{"id":72,"date":"2021-05-06T10:08:45","date_gmt":"2021-05-06T10:08:45","guid":{"rendered":"https:\/\/magossystems.com\/?page_id=72"},"modified":"2021-05-15T18:04:18","modified_gmt":"2021-05-15T18:04:18","slug":"solutions","status":"publish","type":"page","link":"https:\/\/magossystems.com\/de\/solutions\/","title":{"rendered":"L\u00f6sungen"},"content":{"rendered":"<div data-elementor-type=\"wp-page\" data-elementor-id=\"72\" class=\"elementor elementor-72\" data-elementor-post-type=\"page\">\n\t\t\t\t\t\t\t\t\t<section class=\"elementor-section elementor-top-section elementor-element elementor-element-f08fca1 elementor-section-boxed elementor-section-height-default elementor-section-height-default\" data-id=\"f08fca1\" data-element_type=\"section\">\n\t\t\t\t\t\t<div class=\"elementor-container elementor-column-gap-default\">\n\t\t\t\t\t<div class=\"elementor-column elementor-col-100 elementor-top-column elementor-element elementor-element-30d4227\" data-id=\"30d4227\" data-element_type=\"column\">\n\t\t\t<div class=\"elementor-widget-wrap elementor-element-populated\">\n\t\t\t\t\t\t\t\t<div class=\"elementor-element elementor-element-04f5398 elementor-widget elementor-widget-mg-application-intro\" data-id=\"04f5398\" data-element_type=\"widget\" data-widget_type=\"mg-application-intro.default\">\n\t\t\t\t<div class=\"elementor-widget-container\">\n\t\t\t\n        <section class=\"section-border app-intro-element\">\n\n            <div class=\"row\">\n\n                <div class=\"col-xl-12 col-lg-12\">\n\n                    <div class=\"app-detail\">\n\n                        <div class=\"app-icon\">\n\n                            <img decoding=\"async\" src=\"https:\/\/magossystems.com\/wp-content\/uploads\/2021\/05\/app1.png\" alt=\"SUBSTATIONS\">\n\n                        <\/div>\n\n                        <div class=\"text\">\n\n                            <h2 class=\"title\">UMSPANNWERKE<\/h2>\n\n                            <p>Die Sicherung und \u00dcberwachung von Flugh\u00e4fen ist f\u00fcr die Sicherheit der Flugh\u00e4fen und Flugreisenden von entscheidender Bedeutung. Das Radarsystem ist eine vollst\u00e4ndige 360-Grad-Perimeter\u00fcberwachungsl\u00f6sung f\u00fcr Flugh\u00e4fen.<\/p>\n\n                        <\/div>\n\n                    <\/div>\n\n                <\/div>\n\n            <\/div>\n\n        <\/section>\n\n        \t\t<\/div>\n\t\t\t\t<\/div>\n\t\t\t\t\t<\/div>\n\t\t<\/div>\n\t\t\t\t\t\t\t<\/div>\n\t\t<\/section>\n\t\t\t\t<section class=\"elementor-section elementor-top-section elementor-element elementor-element-14df36a text-center elementor-section-boxed elementor-section-height-default elementor-section-height-default\" data-id=\"14df36a\" data-element_type=\"section\">\n\t\t\t\t\t\t<div class=\"elementor-container elementor-column-gap-default\">\n\t\t\t\t\t<div class=\"elementor-column elementor-col-100 elementor-top-column elementor-element elementor-element-e252969\" data-id=\"e252969\" data-element_type=\"column\">\n\t\t\t<div class=\"elementor-widget-wrap elementor-element-populated\">\n\t\t\t\t\t\t\t\t<div class=\"elementor-element elementor-element-a30a6a2 elementor-widget elementor-widget-mg-security-plan\" data-id=\"a30a6a2\" data-element_type=\"widget\" data-widget_type=\"mg-security-plan.default\">\n\t\t\t\t<div class=\"elementor-widget-container\">\n\t\t\t\n\n\n        <!-- app plans heading start -->\n\n        <div class=\"app-plans\">\n\n            <div class=\"row\">\n\n                <div class=\"col-md-5 col-5\">\n\n                    <h2 class=\"title text-right\">URSPR\u00dcNGLICHER SICHERHEITSPLAN<\/h2>\n\n                <\/div>\n\n                <div class=\"col-md-2 col-2 text-center\"><img decoding=\"async\" src=\"https:\/\/magossystems.com\/wp-content\/themes\/magos\/images\/plan-arrows.png\" alt=\"\"><\/div>\n\n                <div class=\"col-md-5 col-5\">\n\n                    <h2 class=\"title text-left\"><span>MAGOS<\/span> SICHERHEITSPLAN<\/h2>\n\n                <\/div>\n\n            <\/div>\n\n        <\/div>\n\n        <!-- app plans heading start -->\n\n        <div class=\"apps-icons\">\n\n            <ul>\n\n                \n                    <li>\n\n                        <div class=\"app-grid\">\n\n                            <div class=\"icon\"><img decoding=\"async\" src=\"https:\/\/magossystems.com\/wp-content\/uploads\/2021\/05\/app-detail1.png\"><\/div>\n\n                            <div class=\"text\">\n\n                                <p>Magos SYSTEM<\/p>\n\n                            <\/div>\n\n                            \n                                <div class=\"right-detail\">\n\n                                    <p><span>17<\/span> Magos SR-250 Radare plus  <span>1<\/span>     MASS + AI<\/p>\n\n                                <\/div>\n\n                                \n                        <\/div>\n\n                    <\/li>\n\n                    \n                    <li>\n\n                        <div class=\"app-grid\">\n\n                            <div class=\"icon\"><img decoding=\"async\" src=\"https:\/\/magossystems.com\/wp-content\/uploads\/2021\/05\/app-detail2.png\"><\/div>\n\n                            <div class=\"text\">\n\n                                <p>Kameras<\/p>\n\n                            <\/div>\n\n                            \n                                <div class=\"right-detail\">\n\n                                    <p><span>20<\/span>Summe Montagemasten<\/p>\n\n                                <\/div>\n\n                                \n                                <div class=\"left-detail\">\n\n                                    <p>Kameras<span>80<\/span><\/p>\n\n                                <\/div>\n\n                                \n                        <\/div>\n\n                    <\/li>\n\n                    \n                    <li>\n\n                        <div class=\"app-grid\">\n\n                            <div class=\"icon\"><img decoding=\"async\" src=\"https:\/\/magossystems.com\/wp-content\/uploads\/2021\/05\/app-detail3.png\"><\/div>\n\n                            <div class=\"text\">\n\n                                <p>MONTAGEMASTEN<\/p>\n\n                            <\/div>\n\n                            \n                                <div class=\"right-detail\">\n\n                                    <p>17 Magos SR-250 Radare plus 1 MASS + AI<\/p>\n\n                                <\/div>\n\n                                \n                                <div class=\"left-detail\">\n\n                                    <p>Montagemasten 80<\/p>\n\n                                <\/div>\n\n                                \n                        <\/div>\n\n                    <\/li>\n\n                    \n                    <li>\n\n                        <div class=\"app-grid\">\n\n                            <div class=\"icon\"><img decoding=\"async\" src=\"https:\/\/magossystems.com\/wp-content\/uploads\/2021\/05\/app-detail1.png\"><\/div>\n\n                            <div class=\"text\">\n\n                                <p>BEMANNTE KONTROLLSTATION<\/p>\n\n                            <\/div>\n\n                            \n                                <div class=\"right-detail\">\n\n                                    <p>1<\/p>\n\n                                <\/div>\n\n                                \n                                <div class=\"left-detail\">\n\n                                    <p>3<\/p>\n\n                                <\/div>\n\n                                \n                        <\/div>\n\n                    <\/li>\n\n                    \n                    <li>\n\n                        <div class=\"app-grid\">\n\n                            <div class=\"icon\"><img decoding=\"async\" src=\"https:\/\/magossystems.com\/wp-content\/uploads\/2021\/05\/app-detail2.png\"><\/div>\n\n                            <div class=\"text\">\n\n                                <p>VMS-Software<\/p>\n\n                            <\/div>\n\n                            \n                                <div class=\"right-detail\">\n\n                                    <p>1<\/p>\n\n                                <\/div>\n\n                                \n                                <div class=\"left-detail\">\n\n                                    <p>1<\/p>\n\n                                <\/div>\n\n                                \n                        <\/div>\n\n                    <\/li>\n\n                    \n                    <li>\n\n                        <div class=\"app-grid\">\n\n                            <div class=\"icon\"><img decoding=\"async\" src=\"https:\/\/magossystems.com\/wp-content\/uploads\/2021\/05\/app-detail3.png\"><\/div>\n\n                            <div class=\"text\">\n\n                                <p>INSTANDHALTUNGSKOSTEN<\/p>\n\n                            <\/div>\n\n                            \n                                <div class=\"right-detail\">\n\n                                    <p>10,500 $<\/p>\n\n                                <\/div>\n\n                                \n                                <div class=\"left-detail\">\n\n                                    <p>23,000 $<\/p>\n\n                                <\/div>\n\n                                \n                        <\/div>\n\n                    <\/li>\n\n                    \n                    <li>\n\n                        <div class=\"app-grid\">\n\n                            <div class=\"icon\"><img decoding=\"async\" src=\"https:\/\/magossystems.com\/wp-content\/uploads\/2021\/05\/app-detail3.png\"><\/div>\n\n                            <div class=\"text\">\n\n                                <p>KOSTEN<\/p>\n\n                            <\/div>\n\n                            \n                                <div class=\"right-detail\">\n\n                                    <p>12,000 $<\/p>\n\n                                <\/div>\n\n                                \n                                <div class=\"left-detail\">\n\n                                    <p>28,500 $<\/p>\n\n                                <\/div>\n\n                                \n                        <\/div>\n\n                    <\/li>\n\n                    \n\n\n            <\/ul>\n\n        <\/div>\n\n        \n            <div class=\"app-gallery pt-5\">\n\n                <div class=\"row\">\n\n                    \n                        <div class=\"col-md-6 col-6 p-5\">\n\n                            <div class=\"thumb\">\n\n                                <a href=\"https:\/\/magossystems.com\/wp-content\/uploads\/2021\/05\/app-gallery1.png\" rel=\"prettyPhoto[gallery2]\" title=\"\">\n\n                                    <img decoding=\"async\" src=\"https:\/\/magossystems.com\/wp-content\/uploads\/2021\/05\/app-gallery1.png\" alt=\"\">\n\n                                <\/a>\n\n                            <\/div>\n\n                        <\/div>\n\n                        \n                        <div class=\"col-md-6 col-6 p-5\">\n\n                            <div class=\"thumb\">\n\n                                <a href=\"https:\/\/magossystems.com\/wp-content\/uploads\/2021\/05\/app-gallery2.png\" rel=\"prettyPhoto[gallery2]\" title=\"\">\n\n                                    <img decoding=\"async\" src=\"https:\/\/magossystems.com\/wp-content\/uploads\/2021\/05\/app-gallery2.png\" alt=\"\">\n\n                                <\/a>\n\n                            <\/div>\n\n                        <\/div>\n\n                        \n                <\/div>\n\n            <\/div>\n\n            \t\t<\/div>\n\t\t\t\t<\/div>\n\t\t\t\t\t<\/div>\n\t\t<\/div>\n\t\t\t\t\t\t\t<\/div>\n\t\t<\/section>\n\t\t\t\t<section class=\"elementor-section elementor-top-section elementor-element elementor-element-a1d228b conclusion-section elementor-section-boxed elementor-section-height-default elementor-section-height-default\" data-id=\"a1d228b\" data-element_type=\"section\">\n\t\t\t\t\t\t<div class=\"elementor-container elementor-column-gap-default\">\n\t\t\t\t\t<div class=\"elementor-column elementor-col-100 elementor-top-column elementor-element elementor-element-c6a5dc1\" data-id=\"c6a5dc1\" data-element_type=\"column\">\n\t\t\t<div class=\"elementor-widget-wrap elementor-element-populated\">\n\t\t\t\t\t\t\t\t<div class=\"elementor-element elementor-element-dd7d337 elementor-widget elementor-widget-mg-application-conc\" data-id=\"dd7d337\" data-element_type=\"widget\" data-widget_type=\"mg-application-conc.default\">\n\t\t\t\t<div class=\"elementor-widget-container\">\n\t\t\t        <h4 class=\"title\">SCHLUSSFOLGERUNGEN<\/h4>\r\n        <p>Eine technisch \u00fcberlegene L\u00f6sung, die fast st\u00f6rungsfrei funktioniert und fast keine Fehlalarme ausl\u00f6st, mit niedrigeren Betriebs-, Infrastruktur- und Wartungskosten betrieben werden kann und keinen externen Beschr\u00e4nkungen wie Licht- oder Wetterbedingungen unterliegt.<\/p>\r\n        \t\t<\/div>\n\t\t\t\t<\/div>\n\t\t\t\t\t<\/div>\n\t\t<\/div>\n\t\t\t\t\t\t\t<\/div>\n\t\t<\/section>\n\t\t\t\t<section class=\"elementor-section elementor-top-section elementor-element elementor-element-70f0a78 conclusion-section elementor-section-boxed elementor-section-height-default elementor-section-height-default\" data-id=\"70f0a78\" data-element_type=\"section\">\n\t\t\t\t\t\t<div class=\"elementor-container elementor-column-gap-default\">\n\t\t\t\t\t<div class=\"elementor-column elementor-col-100 elementor-top-column elementor-element elementor-element-3a982f0\" data-id=\"3a982f0\" data-element_type=\"column\">\n\t\t\t<div class=\"elementor-widget-wrap elementor-element-populated\">\n\t\t\t\t\t\t\t\t<div class=\"elementor-element elementor-element-0211155 elementor-widget elementor-widget-mg-app-videos\" data-id=\"0211155\" data-element_type=\"widget\" data-widget_type=\"mg-app-videos.default\">\n\t\t\t\t<div class=\"elementor-widget-container\">\n\t\t\t\n        <div class=\"row\">\n\n            <div class=\"col-md-3\">\n\n                <h2 class=\"title\">\n\n                    MAGOS <br><br> ANWENDUNGSFALL\n\n                <\/h2>\n\n            <\/div>\n\n            <div class=\"col-md-9\">\n\n                <div class=\"substations-slider\">\n\n                    \n                        <div>\n\n                            <div class=\"video-thumb\">\n\n                                <div class=\"thumb\">\n\n                                    <iframe src=\"https:\/\/www.youtube.com\/embed\/8JmaMlkiBoA\" height=\"700\" title=\"Videotitel\" allow=\"accelerometer; autoplay; clipboard-write; allowfullscreen=\"true\" encrypted-media; gyroscope; picture-in-picture\" allowfullscreen><\/iframe>\n\n                                <\/div>\n\n                                <div class=\"text\">\n\n                                    <p>Videotitel<\/p>\n\n                                <\/div>\n\n                            <\/div>\n\n                        <\/div>\n\n                        \n                        <div>\n\n                            <div class=\"video-thumb\">\n\n                                <div class=\"thumb\">\n\n                                    <iframe src=\"https:\/\/www.youtube.com\/embed\/8JmaMlkiBoA\" height=\"700\" title=\"Videotitel\" allow=\"accelerometer; autoplay; clipboard-write; allowfullscreen=\"true\" encrypted-media; gyroscope; picture-in-picture\" allowfullscreen><\/iframe>\n\n                                <\/div>\n\n                                <div class=\"text\">\n\n                                    <p>Videotitel<\/p>\n\n                                <\/div>\n\n                            <\/div>\n\n                        <\/div>\n\n                        \n                        <div>\n\n                            <div class=\"video-thumb\">\n\n                                <div class=\"thumb\">\n\n                                    <iframe src=\"https:\/\/www.youtube.com\/embed\/8JmaMlkiBoA\" height=\"700\" title=\"Videotitel\" allow=\"accelerometer; autoplay; clipboard-write; allowfullscreen=\"true\" encrypted-media; gyroscope; picture-in-picture\" allowfullscreen><\/iframe>\n\n                                <\/div>\n\n                                <div class=\"text\">\n\n                                    <p>Videotitel<\/p>\n\n                                <\/div>\n\n                            <\/div>\n\n                        <\/div>\n\n                        \n                        <div>\n\n                            <div class=\"video-thumb\">\n\n                                <div class=\"thumb\">\n\n                                    <iframe src=\"https:\/\/www.youtube.com\/embed\/8JmaMlkiBoA\" height=\"700\" title=\"Videotitel\" allow=\"accelerometer; autoplay; clipboard-write; allowfullscreen=\"true\" encrypted-media; gyroscope; picture-in-picture\" allowfullscreen><\/iframe>\n\n                                <\/div>\n\n                                <div class=\"text\">\n\n                                    <p>Videotitel<\/p>\n\n                                <\/div>\n\n                            <\/div>\n\n                        <\/div>\n\n                        \n                <\/div>\n\n            <\/div>\n\n        <\/div>\n\n        \t\t<\/div>\n\t\t\t\t<\/div>\n\t\t\t\t\t<\/div>\n\t\t<\/div>\n\t\t\t\t\t\t\t<\/div>\n\t\t<\/section>\n\t\t\t\t\t\t\t<\/div>","protected":false},"excerpt":{"rendered":"","protected":false},"author":1,"featured_media":0,"parent":0,"menu_order":0,"comment_status":"closed","ping_status":"closed","template":"","meta":{"footnotes":""},"acf":[],"yoast_head":"<!-- This site is optimized with the Yoast SEO plugin v21.4 - https:\/\/yoast.com\/wordpress\/plugins\/seo\/ -->\n<title>Solutions - Magos Systems<\/title>\n<meta name=\"robots\" content=\"index, follow, max-snippet:-1, max-image-preview:large, max-video-preview:-1\" \/>\n<link rel=\"canonical\" href=\"https:\/\/magossystems.com\/de\/solutions\/\" \/>\n<meta property=\"og:locale\" content=\"de_DE\" \/>\n<meta property=\"og:type\" content=\"article\" \/>\n<meta property=\"og:title\" content=\"Solutions - Magos Systems\" \/>\n<meta property=\"og:url\" content=\"https:\/\/magossystems.com\/de\/solutions\/\" \/>\n<meta property=\"og:site_name\" content=\"Magos Systems\" \/>\n<meta property=\"article:publisher\" content=\"https:\/\/www.facebook.com\/magossystems\" \/>\n<meta property=\"article:modified_time\" content=\"2021-05-15T18:04:18+00:00\" \/>\n<meta property=\"og:image\" content=\"https:\/\/magossystems.com\/wp-content\/uploads\/2021\/09\/fb.jpg\" \/>\n\t<meta property=\"og:image:width\" content=\"1859\" \/>\n\t<meta property=\"og:image:height\" content=\"861\" \/>\n\t<meta property=\"og:image:type\" content=\"image\/jpeg\" \/>\n<meta name=\"twitter:card\" content=\"summary_large_image\" \/>\n<meta name=\"twitter:site\" content=\"@magossystems\" \/>\n<script type=\"application\/ld+json\" class=\"yoast-schema-graph\">{\"@context\":\"https:\/\/schema.org\",\"@graph\":[{\"@type\":\"WebPage\",\"@id\":\"https:\/\/magossystems.com\/solutions\/\",\"url\":\"https:\/\/magossystems.com\/solutions\/\",\"name\":\"Solutions - Magos Systems\",\"isPartOf\":{\"@id\":\"https:\/\/magossystems.com\/es\/#website\"},\"datePublished\":\"2021-05-06T10:08:45+00:00\",\"dateModified\":\"2021-05-15T18:04:18+00:00\",\"breadcrumb\":{\"@id\":\"https:\/\/magossystems.com\/solutions\/#breadcrumb\"},\"inLanguage\":\"de\",\"potentialAction\":[{\"@type\":\"ReadAction\",\"target\":[\"https:\/\/magossystems.com\/solutions\/\"]}]},{\"@type\":\"BreadcrumbList\",\"@id\":\"https:\/\/magossystems.com\/solutions\/#breadcrumb\",\"itemListElement\":[{\"@type\":\"ListItem\",\"position\":1,\"name\":\"Home\",\"item\":\"https:\/\/magossystems.com\/\"},{\"@type\":\"ListItem\",\"position\":2,\"name\":\"Solutions\"}]},{\"@type\":\"WebSite\",\"@id\":\"https:\/\/magossystems.com\/es\/#website\",\"url\":\"https:\/\/magossystems.com\/es\/\",\"name\":\"Magos Systems\",\"description\":\"The ultimate perimeter security solution\",\"publisher\":{\"@id\":\"https:\/\/magossystems.com\/es\/#organization\"},\"potentialAction\":[{\"@type\":\"SearchAction\",\"target\":{\"@type\":\"EntryPoint\",\"urlTemplate\":\"https:\/\/magossystems.com\/es\/?s={search_term_string}\"},\"query-input\":\"required name=search_term_string\"}],\"inLanguage\":\"de\"},{\"@type\":\"Organization\",\"@id\":\"https:\/\/magossystems.com\/es\/#organization\",\"name\":\"Magos Systems\",\"url\":\"https:\/\/magossystems.com\/es\/\",\"logo\":{\"@type\":\"ImageObject\",\"inLanguage\":\"de\",\"@id\":\"https:\/\/magossystems.com\/es\/#\/schema\/logo\/image\/\",\"url\":\"https:\/\/magossystems.com\/wp-content\/uploads\/2021\/09\/logo.png\",\"contentUrl\":\"https:\/\/magossystems.com\/wp-content\/uploads\/2021\/09\/logo.png\",\"width\":179,\"height\":29,\"caption\":\"Magos Systems\"},\"image\":{\"@id\":\"https:\/\/magossystems.com\/es\/#\/schema\/logo\/image\/\"},\"sameAs\":[\"https:\/\/www.facebook.com\/magossystems\",\"https:\/\/twitter.com\/magossystems\",\"https:\/\/www.linkedin.com\/company\/magosys-systems\/\",\"https:\/\/www.youtube.com\/channel\/UCjsi2HaO8tSONL-Lso2jf-Q\"]}]}<\/script>\n<!-- \/ Yoast SEO plugin. -->","yoast_head_json":{"title":"Solutions - Magos Systems","robots":{"index":"index","follow":"follow","max-snippet":"max-snippet:-1","max-image-preview":"max-image-preview:large","max-video-preview":"max-video-preview:-1"},"canonical":"https:\/\/magossystems.com\/de\/solutions\/","og_locale":"de_DE","og_type":"article","og_title":"Solutions - Magos Systems","og_url":"https:\/\/magossystems.com\/de\/solutions\/","og_site_name":"Magos Systems","article_publisher":"https:\/\/www.facebook.com\/magossystems","article_modified_time":"2021-05-15T18:04:18+00:00","og_image":[{"width":1859,"height":861,"url":"https:\/\/magossystems.com\/wp-content\/uploads\/2021\/09\/fb.jpg","type":"image\/jpeg"}],"twitter_card":"summary_large_image","twitter_site":"@magossystems","schema":{"@context":"https:\/\/schema.org","@graph":[{"@type":"WebPage","@id":"https:\/\/magossystems.com\/solutions\/","url":"https:\/\/magossystems.com\/solutions\/","name":"Solutions - Magos Systems","isPartOf":{"@id":"https:\/\/magossystems.com\/es\/#website"},"datePublished":"2021-05-06T10:08:45+00:00","dateModified":"2021-05-15T18:04:18+00:00","breadcrumb":{"@id":"https:\/\/magossystems.com\/solutions\/#breadcrumb"},"inLanguage":"de","potentialAction":[{"@type":"ReadAction","target":["https:\/\/magossystems.com\/solutions\/"]}]},{"@type":"BreadcrumbList","@id":"https:\/\/magossystems.com\/solutions\/#breadcrumb","itemListElement":[{"@type":"ListItem","position":1,"name":"Home","item":"https:\/\/magossystems.com\/"},{"@type":"ListItem","position":2,"name":"Solutions"}]},{"@type":"WebSite","@id":"https:\/\/magossystems.com\/es\/#website","url":"https:\/\/magossystems.com\/es\/","name":"Magos Systems","description":"The ultimate perimeter security solution","publisher":{"@id":"https:\/\/magossystems.com\/es\/#organization"},"potentialAction":[{"@type":"SearchAction","target":{"@type":"EntryPoint","urlTemplate":"https:\/\/magossystems.com\/es\/?s={search_term_string}"},"query-input":"required name=search_term_string"}],"inLanguage":"de"},{"@type":"Organization","@id":"https:\/\/magossystems.com\/es\/#organization","name":"Magos Systems","url":"https:\/\/magossystems.com\/es\/","logo":{"@type":"ImageObject","inLanguage":"de","@id":"https:\/\/magossystems.com\/es\/#\/schema\/logo\/image\/","url":"https:\/\/magossystems.com\/wp-content\/uploads\/2021\/09\/logo.png","contentUrl":"https:\/\/magossystems.com\/wp-content\/uploads\/2021\/09\/logo.png","width":179,"height":29,"caption":"Magos Systems"},"image":{"@id":"https:\/\/magossystems.com\/es\/#\/schema\/logo\/image\/"},"sameAs":["https:\/\/www.facebook.com\/magossystems","https:\/\/twitter.com\/magossystems","https:\/\/www.linkedin.com\/company\/magosys-systems\/","https:\/\/www.youtube.com\/channel\/UCjsi2HaO8tSONL-Lso2jf-Q"]}]}},"_links":{"self":[{"href":"https:\/\/magossystems.com\/de\/wp-json\/wp\/v2\/pages\/72"}],"collection":[{"href":"https:\/\/magossystems.com\/de\/wp-json\/wp\/v2\/pages"}],"about":[{"href":"https:\/\/magossystems.com\/de\/wp-json\/wp\/v2\/types\/page"}],"author":[{"embeddable":true,"href":"https:\/\/magossystems.com\/de\/wp-json\/wp\/v2\/users\/1"}],"replies":[{"embeddable":true,"href":"https:\/\/magossystems.com\/de\/wp-json\/wp\/v2\/comments?post=72"}],"version-history":[{"count":32,"href":"https:\/\/magossystems.com\/de\/wp-json\/wp\/v2\/pages\/72\/revisions"}],"predecessor-version":[{"id":724,"href":"https:\/\/magossystems.com\/de\/wp-json\/wp\/v2\/pages\/72\/revisions\/724"}],"wp:attachment":[{"href":"https:\/\/magossystems.com\/de\/wp-json\/wp\/v2\/media?parent=72"}],"curies":[{"name":"wp","href":"https:\/\/api.w.org\/{rel}","templated":true}]}}