{"id":100,"date":"2021-05-06T11:27:41","date_gmt":"2021-05-06T11:27:41","guid":{"rendered":"https:\/\/magossystems.com\/?page_id=100"},"modified":"2024-06-23T09:24:57","modified_gmt":"2024-06-23T09:24:57","slug":"about-magos","status":"publish","type":"page","link":"https:\/\/magossystems.com\/es\/about-magos\/","title":{"rendered":"Informaci\u00f3n de Magos"},"content":{"rendered":"<div data-elementor-type=\"wp-page\" data-elementor-id=\"100\" class=\"elementor elementor-100\" data-elementor-post-type=\"page\">\n\t\t\t\t\t\t\t\t\t<section class=\"elementor-section elementor-top-section elementor-element elementor-element-4f4150c about-desc elementor-section-boxed elementor-section-height-default elementor-section-height-default\" data-id=\"4f4150c\" data-element_type=\"section\">\n\t\t\t\t\t\t<div class=\"elementor-container elementor-column-gap-default\">\n\t\t\t\t\t<div class=\"elementor-column elementor-col-100 elementor-top-column elementor-element elementor-element-2163a08\" data-id=\"2163a08\" data-element_type=\"column\">\n\t\t\t<div class=\"elementor-widget-wrap elementor-element-populated\">\n\t\t\t\t\t\t\t\t<div class=\"elementor-element elementor-element-796fcc2 elementor-widget elementor-widget-mg-about-intro\" data-id=\"796fcc2\" data-element_type=\"widget\" data-widget_type=\"mg-about-intro.default\">\n\t\t\t\t<div class=\"elementor-widget-container\">\n\t\t\t        <section class=\"section-border\">\r\n            <div class=\"row\">\r\n                <div class=\"col-xl-6 col-lg-12\">\r\n                    <p class=\"text-red26\">La mejor protecci\u00f3n para infraestructuras esenciales de cualquier tama\u00f1o y en todas las condiciones meteorol\u00f3gicas y de iluminaci\u00f3n.<\/p>\r\n                    <p>Magos Systems was established in 2008 to realize its co-founders\u2019 vision of bringing advanced radar technology into the security and perimeter protection markets. As leading experts in cost-effective, low-power, high-performance radars, Magos develops systems that can be easily and seamlessly integrated with existing VMS, PSIM, C4I, and other control software to provide superior detection and best security performance.<\/p>\r\n                <\/div>\r\n            <\/div>\r\n        <\/section>\r\n        \t\t<\/div>\n\t\t\t\t<\/div>\n\t\t\t\t\t<\/div>\n\t\t<\/div>\n\t\t\t\t\t\t\t<\/div>\n\t\t<\/section>\n\t\t\t\t<section class=\"elementor-section elementor-top-section elementor-element elementor-element-4b6b8cc elementor-section-boxed elementor-section-height-default elementor-section-height-default\" data-id=\"4b6b8cc\" data-element_type=\"section\">\n\t\t\t\t\t\t<div class=\"elementor-container elementor-column-gap-default\">\n\t\t\t\t\t<div class=\"elementor-column elementor-col-100 elementor-top-column elementor-element elementor-element-0ae396c\" data-id=\"0ae396c\" data-element_type=\"column\">\n\t\t\t<div class=\"elementor-widget-wrap elementor-element-populated\">\n\t\t\t\t\t\t\t\t<div class=\"elementor-element elementor-element-d0dc272 elementor-widget elementor-widget-mg-team\" data-id=\"d0dc272\" data-element_type=\"widget\" data-widget_type=\"mg-team.default\">\n\t\t\t\t<div class=\"elementor-widget-container\">\n\t\t\t\n                <section class=\"pb-0\">\n\n                    <div class=\"team-list\">\n\n                        <div class=\"row\">\n\n                            <div class=\"col-xl-4 col-lg-6\">\n\n                                <div class=\"thumb p-25\">\n\n                                    <img decoding=\"async\" src=\"https:\/\/magossystems.com\/wp-content\/uploads\/2021\/05\/team-1.png\" alt=\"AVIEL KISLIANSKY\">\n\n                                <\/div>\n\n                            <\/div>\n\n                            <div class=\"col-xl-5 col-lg-6\">\n\n                                <div class=\"text p-25\">\n\n                                    <p class=\"title here\">AVIEL KISLIANSKY, <span>director general<\/span><\/p>\n\n                                    <p>Aviel (Avi) Kisliansky es un reconocido experto en radares terrestres y cuenta con m\u00e1s de 17\u00a0a\u00f1os de experiencia comprobada en el sector. Avi se incursion\u00f3 por primera vez en el sector de los radares en\u00a01995 durante su servicio militar en las Fuerzas de Defensa de Israel como \u201cdirector t\u00e9cnico de proyectos\u201d a cargo de la evaluaci\u00f3n, la asimilaci\u00f3n y el desarrollo de sistemas de radares sofisticados. Como parte de su educaci\u00f3n oficial, se gradu\u00f3 con todos los honores en el Instituto T\u00e9cnico Technion. Obtuvo una licenciatura y maestr\u00eda en Ciencias de la facultad de ingenier\u00eda Ben-Gurion, con especialidad en procesamiento de se\u00f1ales vectoriales, conformaci\u00f3n de haces y sistemas de antenas. En\u00a02008, fund\u00f3 Magos Systems para cumplir con su visi\u00f3n revolucionaria: desarrollar un radar de vigilancia terrestre que sea econ\u00f3mico, de bajo consumo y de alta gama para el mercado civil.<\/p>\n\n                                <\/div>\n\n                            <\/div>\n\n                        <\/div>\n\n                    <\/div>\n\n                <\/section>\n\n                <section class=\"section-border\"><div class=\"row\">\n                <div class=\"col-md-4\">\n\n                    <div class=\"team-list p-25\">\n\n                        <div class=\"thumb mb-5\">\n\n                            <img decoding=\"async\" src=\"https:\/\/magossystems.com\/wp-content\/uploads\/2021\/05\/team-2.png\" alt=\"AMIT ISSEROFF\">\n\n                        <\/div>\n\n                        <div class=\"text\">\n\n                            <p class=\"title\">AMIT ISSEROFF, <br><span>vicepresidente de Investigaci\u00f3n y Desarrollo<\/span><\/p>\n\n                            <p>Amit\u00a0Isseroff cuenta con m\u00e1s de 15\u00a0a\u00f1os de experiencia en ingenier\u00eda el\u00e9ctrica en distintas empresas. Inici\u00f3 su trayectoria profesional en el \u00e1rea de la optimizaci\u00f3n de la gesti\u00f3n de energ\u00eda y la programaci\u00f3n de sistemas integrados en tiempo real en Intel. Obtuvo su licenciatura en Ciencias en la Universidad de Tel\u00a0Aviv. Durante su investigaci\u00f3n sobre soluciones de seguridad perimetrales por fibra \u00f3ptica cuando estudiaba su maestr\u00eda, Amit aprendi\u00f3 t\u00e9cnicas avanzadas para procesar se\u00f1ales y se especializ\u00f3 en sensores de seguridad perimetral. All\u00ed se asoci\u00f3 con Aviel y cofund\u00f3 Magos Systems.<\/p>\n\n                        <\/div>\n\n                    <\/div>\n\n                <\/div>\n\n                \n                <div class=\"col-md-4\">\n\n                    <div class=\"team-list p-25\">\n\n                        <div class=\"thumb mb-5\">\n\n                            <img decoding=\"async\" src=\"https:\/\/magossystems.com\/wp-content\/uploads\/2021\/05\/team-3.png\" alt=\"YARON ZUSSMAN\">\n\n                        <\/div>\n\n                        <div class=\"text\">\n\n                            <p class=\"title\">YARON ZUSSMAN, <br><span>gerente general de Magos America<\/span><\/p>\n\n                            <p>Yaron\u00a0Zussman cuenta con m\u00e1s de 20\u00a0a\u00f1os de amplia experiencia en el sector de la seguridad y las tecnolog\u00edas de la informaci\u00f3n. Es licenciado en Administraci\u00f3n de Empresas y posee un Executive MBA de Rutgers Business School. Antes de formar parte de Magos Systems, Yaron trabaj\u00f3 durante 11\u00a0a\u00f1os en DVTEL (adquirida por FLIR), donde ocup\u00f3 puestos de liderazgo en Ventas, Soporte de Ventas y Desarrollo Empresarial. Su \u00faltimo puesto en DVTEL fue el de vicepresidente de Ventas y m\u00e1s adelante asumi\u00f3 como director general de FST Biometrics America.<\/p>\n\n                        <\/div>\n\n                    <\/div>\n\n                <\/div>\n\n                \n                <div class=\"col-md-4\">\n\n                    <div class=\"team-list p-25\">\n\n                        <div class=\"thumb mb-5\">\n\n                            <img decoding=\"async\" src=\"https:\/\/magossystems.com\/wp-content\/uploads\/2021\/05\/team-4.png\" alt=\"ERIC HAMPEL\">\n\n                        <\/div>\n\n                        <div class=\"text\">\n\n                            <p class=\"title\">ERIC HAMPEL, <br><span>director de Magos Europe<\/span><\/p>\n\n                            <p>Eric\u00a0Hampel cuenta con m\u00e1s de 20\u00a0a\u00f1os de experiencia en el sector de IPC y seguridad. Antes de formar parte de Magos Systems, estuvo a cargo del desarrollo de nuevos mercados en Asia y Europa para un reconocido proveedor de CCTV. Eric tiene una licenciatura en Ingenier\u00eda de la Universidad T\u00e9cnica de Berl\u00edn, Alemania. Durante su trayectoria profesional, estuvo a cargo de equipos a gran escala y trabaj\u00f3 en m\u00e1s de 50\u00a0pa\u00edses de todo el mundo como l\u00edder de los equipos de Ventas Globales y Soporte en distintos sectores, como telecomunicaciones y seguridad.<\/p>\n\n                        <\/div>\n\n                    <\/div>\n\n                <\/div>\n\n                <\/div><\/section>\t\t<\/div>\n\t\t\t\t<\/div>\n\t\t\t\t\t<\/div>\n\t\t<\/div>\n\t\t\t\t\t\t\t<\/div>\n\t\t<\/section>\n\t\t\t\t\t\t\t<\/div>","protected":false},"excerpt":{"rendered":"","protected":false},"author":1,"featured_media":0,"parent":0,"menu_order":0,"comment_status":"closed","ping_status":"closed","template":"","meta":{"footnotes":""},"acf":[],"yoast_head":"<!-- This site is optimized with the Yoast SEO plugin v21.4 - https:\/\/yoast.com\/wordpress\/plugins\/seo\/ -->\n<title>About Magos - Magos Systems<\/title>\n<meta name=\"robots\" content=\"index, follow, max-snippet:-1, max-image-preview:large, max-video-preview:-1\" \/>\n<link rel=\"canonical\" href=\"https:\/\/magossystems.com\/es\/about-magos\/\" \/>\n<meta property=\"og:locale\" content=\"es_ES\" \/>\n<meta property=\"og:type\" content=\"article\" \/>\n<meta property=\"og:title\" content=\"About Magos - Magos Systems\" \/>\n<meta property=\"og:url\" content=\"https:\/\/magossystems.com\/es\/about-magos\/\" \/>\n<meta property=\"og:site_name\" content=\"Magos Systems\" \/>\n<meta property=\"article:publisher\" content=\"https:\/\/www.facebook.com\/magossystems\" \/>\n<meta property=\"article:modified_time\" content=\"2024-06-23T09:24:57+00:00\" \/>\n<meta property=\"og:image\" content=\"https:\/\/magossystems.com\/wp-content\/uploads\/2021\/09\/fb.jpg\" \/>\n\t<meta property=\"og:image:width\" content=\"1859\" \/>\n\t<meta property=\"og:image:height\" content=\"861\" \/>\n\t<meta property=\"og:image:type\" content=\"image\/jpeg\" \/>\n<meta name=\"twitter:card\" content=\"summary_large_image\" \/>\n<meta name=\"twitter:site\" content=\"@magossystems\" \/>\n<meta name=\"twitter:label1\" content=\"Tiempo de lectura\" \/>\n\t<meta name=\"twitter:data1\" content=\"3 minutos\" \/>\n<script type=\"application\/ld+json\" class=\"yoast-schema-graph\">{\"@context\":\"https:\/\/schema.org\",\"@graph\":[{\"@type\":\"WebPage\",\"@id\":\"https:\/\/magossystems.com\/about-magos\/\",\"url\":\"https:\/\/magossystems.com\/about-magos\/\",\"name\":\"About Magos - Magos Systems\",\"isPartOf\":{\"@id\":\"https:\/\/magossystems.com\/es\/#website\"},\"datePublished\":\"2021-05-06T11:27:41+00:00\",\"dateModified\":\"2024-06-23T09:24:57+00:00\",\"breadcrumb\":{\"@id\":\"https:\/\/magossystems.com\/about-magos\/#breadcrumb\"},\"inLanguage\":\"es\",\"potentialAction\":[{\"@type\":\"ReadAction\",\"target\":[\"https:\/\/magossystems.com\/about-magos\/\"]}]},{\"@type\":\"BreadcrumbList\",\"@id\":\"https:\/\/magossystems.com\/about-magos\/#breadcrumb\",\"itemListElement\":[{\"@type\":\"ListItem\",\"position\":1,\"name\":\"Home\",\"item\":\"https:\/\/magossystems.com\/\"},{\"@type\":\"ListItem\",\"position\":2,\"name\":\"About Magos\"}]},{\"@type\":\"WebSite\",\"@id\":\"https:\/\/magossystems.com\/es\/#website\",\"url\":\"https:\/\/magossystems.com\/es\/\",\"name\":\"Magos Systems\",\"description\":\"The ultimate perimeter security solution\",\"publisher\":{\"@id\":\"https:\/\/magossystems.com\/es\/#organization\"},\"potentialAction\":[{\"@type\":\"SearchAction\",\"target\":{\"@type\":\"EntryPoint\",\"urlTemplate\":\"https:\/\/magossystems.com\/es\/?s={search_term_string}\"},\"query-input\":\"required name=search_term_string\"}],\"inLanguage\":\"es\"},{\"@type\":\"Organization\",\"@id\":\"https:\/\/magossystems.com\/es\/#organization\",\"name\":\"Magos Systems\",\"url\":\"https:\/\/magossystems.com\/es\/\",\"logo\":{\"@type\":\"ImageObject\",\"inLanguage\":\"es\",\"@id\":\"https:\/\/magossystems.com\/es\/#\/schema\/logo\/image\/\",\"url\":\"https:\/\/magossystems.com\/wp-content\/uploads\/2021\/09\/logo.png\",\"contentUrl\":\"https:\/\/magossystems.com\/wp-content\/uploads\/2021\/09\/logo.png\",\"width\":179,\"height\":29,\"caption\":\"Magos Systems\"},\"image\":{\"@id\":\"https:\/\/magossystems.com\/es\/#\/schema\/logo\/image\/\"},\"sameAs\":[\"https:\/\/www.facebook.com\/magossystems\",\"https:\/\/twitter.com\/magossystems\",\"https:\/\/www.linkedin.com\/company\/magosys-systems\/\",\"https:\/\/www.youtube.com\/channel\/UCjsi2HaO8tSONL-Lso2jf-Q\"]}]}<\/script>\n<!-- \/ Yoast SEO plugin. -->","yoast_head_json":{"title":"About Magos - Magos Systems","robots":{"index":"index","follow":"follow","max-snippet":"max-snippet:-1","max-image-preview":"max-image-preview:large","max-video-preview":"max-video-preview:-1"},"canonical":"https:\/\/magossystems.com\/es\/about-magos\/","og_locale":"es_ES","og_type":"article","og_title":"About Magos - Magos Systems","og_url":"https:\/\/magossystems.com\/es\/about-magos\/","og_site_name":"Magos Systems","article_publisher":"https:\/\/www.facebook.com\/magossystems","article_modified_time":"2024-06-23T09:24:57+00:00","og_image":[{"width":1859,"height":861,"url":"https:\/\/magossystems.com\/wp-content\/uploads\/2021\/09\/fb.jpg","type":"image\/jpeg"}],"twitter_card":"summary_large_image","twitter_site":"@magossystems","twitter_misc":{"Tiempo de lectura":"3 minutos"},"schema":{"@context":"https:\/\/schema.org","@graph":[{"@type":"WebPage","@id":"https:\/\/magossystems.com\/about-magos\/","url":"https:\/\/magossystems.com\/about-magos\/","name":"About Magos - Magos Systems","isPartOf":{"@id":"https:\/\/magossystems.com\/es\/#website"},"datePublished":"2021-05-06T11:27:41+00:00","dateModified":"2024-06-23T09:24:57+00:00","breadcrumb":{"@id":"https:\/\/magossystems.com\/about-magos\/#breadcrumb"},"inLanguage":"es","potentialAction":[{"@type":"ReadAction","target":["https:\/\/magossystems.com\/about-magos\/"]}]},{"@type":"BreadcrumbList","@id":"https:\/\/magossystems.com\/about-magos\/#breadcrumb","itemListElement":[{"@type":"ListItem","position":1,"name":"Home","item":"https:\/\/magossystems.com\/"},{"@type":"ListItem","position":2,"name":"About Magos"}]},{"@type":"WebSite","@id":"https:\/\/magossystems.com\/es\/#website","url":"https:\/\/magossystems.com\/es\/","name":"Magos Systems","description":"The ultimate perimeter security solution","publisher":{"@id":"https:\/\/magossystems.com\/es\/#organization"},"potentialAction":[{"@type":"SearchAction","target":{"@type":"EntryPoint","urlTemplate":"https:\/\/magossystems.com\/es\/?s={search_term_string}"},"query-input":"required name=search_term_string"}],"inLanguage":"es"},{"@type":"Organization","@id":"https:\/\/magossystems.com\/es\/#organization","name":"Magos Systems","url":"https:\/\/magossystems.com\/es\/","logo":{"@type":"ImageObject","inLanguage":"es","@id":"https:\/\/magossystems.com\/es\/#\/schema\/logo\/image\/","url":"https:\/\/magossystems.com\/wp-content\/uploads\/2021\/09\/logo.png","contentUrl":"https:\/\/magossystems.com\/wp-content\/uploads\/2021\/09\/logo.png","width":179,"height":29,"caption":"Magos Systems"},"image":{"@id":"https:\/\/magossystems.com\/es\/#\/schema\/logo\/image\/"},"sameAs":["https:\/\/www.facebook.com\/magossystems","https:\/\/twitter.com\/magossystems","https:\/\/www.linkedin.com\/company\/magosys-systems\/","https:\/\/www.youtube.com\/channel\/UCjsi2HaO8tSONL-Lso2jf-Q"]}]}},"_links":{"self":[{"href":"https:\/\/magossystems.com\/es\/wp-json\/wp\/v2\/pages\/100"}],"collection":[{"href":"https:\/\/magossystems.com\/es\/wp-json\/wp\/v2\/pages"}],"about":[{"href":"https:\/\/magossystems.com\/es\/wp-json\/wp\/v2\/types\/page"}],"author":[{"embeddable":true,"href":"https:\/\/magossystems.com\/es\/wp-json\/wp\/v2\/users\/1"}],"replies":[{"embeddable":true,"href":"https:\/\/magossystems.com\/es\/wp-json\/wp\/v2\/comments?post=100"}],"version-history":[{"count":86,"href":"https:\/\/magossystems.com\/es\/wp-json\/wp\/v2\/pages\/100\/revisions"}],"predecessor-version":[{"id":4970,"href":"https:\/\/magossystems.com\/es\/wp-json\/wp\/v2\/pages\/100\/revisions\/4970"}],"wp:attachment":[{"href":"https:\/\/magossystems.com\/es\/wp-json\/wp\/v2\/media?parent=100"}],"curies":[{"name":"wp","href":"https:\/\/api.w.org\/{rel}","templated":true}]}}