{"id":899,"date":"2021-06-01T09:31:33","date_gmt":"2021-06-01T09:31:33","guid":{"rendered":"https:\/\/magossystems.com\/?page_id=899"},"modified":"2022-04-12T12:28:46","modified_gmt":"2022-04-12T12:28:46","slug":"privacy-policy","status":"publish","type":"page","link":"https:\/\/magossystems.com\/es\/privacy-policy\/","title":{"rendered":"Pol\u00edtica de privacidad"},"content":{"rendered":"<div data-elementor-type=\"wp-page\" data-elementor-id=\"899\" class=\"elementor elementor-899\" data-elementor-post-type=\"page\">\n\t\t\t\t\t\t\t\t\t<section class=\"elementor-section elementor-top-section elementor-element elementor-element-44e4db3e policy-page elementor-section-boxed elementor-section-height-default elementor-section-height-default\" data-id=\"44e4db3e\" data-element_type=\"section\">\n\t\t\t\t\t\t<div class=\"elementor-container elementor-column-gap-default\">\n\t\t\t\t\t<div class=\"elementor-column elementor-col-100 elementor-top-column elementor-element elementor-element-767a6792\" data-id=\"767a6792\" data-element_type=\"column\">\n\t\t\t<div class=\"elementor-widget-wrap elementor-element-populated\">\n\t\t\t\t\t\t\t\t<div class=\"elementor-element elementor-element-735362c9 elementor-widget elementor-widget-text-editor\" data-id=\"735362c9\" data-element_type=\"widget\" data-widget_type=\"text-editor.default\">\n\t\t\t\t<div class=\"elementor-widget-container\">\n\t\t\t\t\t\t\t<p>Magos Systems (\u201cnosotros\u201d, \u201cnos\u201d o \u201cnuestro\u201d) est\u00e1 a cargo del <a href=\"http:\/\/www.magosys.com\">http:\/\/www.magosys.com<\/a> sitio web (el \u201cServicio\u201d).<\/p><p>En esta Pol\u00edtica de privacidad, encontrar\u00e1 nuestras pol\u00edticas relacionadas con la recopilaci\u00f3n, el uso y la divulgaci\u00f3n de Informaci\u00f3n personal cuando usa el Servicio. Si usa el Servicio, acepta esta Pol\u00edtica de privacidad y sus condiciones. Si no acepta las condiciones de la Pol\u00edtica de privacidad, o no est\u00e1 de acuerdo con ellas, no deber\u00eda usar el Servicio.<\/p><p><strong>Resumen de la Pol\u00edtica de privacidad<\/strong><br \/>We will not use or share your information with anyone except as described in this Privacy Policy. We use your Personal Information for providing and improving the Service. By using the Service, you agree to the collection and use of information in accordance with this policy. Unless otherwise defined in this Privacy Policy, terms used in this Privacy Policy have the same meanings as in our Terms and Conditions, accessible at <a href=\"https:\/\/magossystems.com\/es\/privacy-policy\/\">http:\/\/www.magosys.com\/policy\/<\/a>.<\/p><p><strong>Recopilaci\u00f3n y uso de informaci\u00f3n<br \/><\/strong>Cuando use el Servicio, es posible que le solicitemos cierta informaci\u00f3n de identificaci\u00f3n personal para contactarlo o identificarlo. La informaci\u00f3n de identificaci\u00f3n personal incluye, entre otros, su direcci\u00f3n de correo electr\u00f3nico, nombre, n\u00famero de tel\u00e9fono, direcci\u00f3n postal, n\u00famero de tarjeta de cr\u00e9dito y direcci\u00f3n de facturaci\u00f3n (si utiliza el Servicio para compras o solicitudes), informaci\u00f3n recopilada a trav\u00e9s de \u201ccookies\u201d (como se indica a continuaci\u00f3n) y otros tipos de informaci\u00f3n (\u201cInformaci\u00f3n personal\u201d). Recopilamos esta informaci\u00f3n para proporcionar el Servicio, identificarlo y comunicarnos con usted, responder a sus solicitudes o consultas, responder a las \u00f3rdenes de compra y otras solicitudes, y mejorar nuestros servicios. Como mencionamos antes, solo usaremos o compartiremos su informaci\u00f3n con otras personas como se indica en esta Pol\u00edtica de privacidad.<\/p><p><strong>Datos de registro<\/strong><br \/>Recopilamos la informaci\u00f3n que su navegador env\u00eda cuando usted visita nuestro Servicio (\u201cDatos de registro\u201d). Los Datos de registro incluyen distinta informaci\u00f3n, como la direcci\u00f3n del protocolo de Internet (\u201cIP\u201d) de su computadora, el tipo de navegador, la versi\u00f3n del navegador, las p\u00e1ginas de nuestro Servicio que usted visita, la fecha y hora de su visita, el tiempo que pas\u00f3 en las p\u00e1ginas y otras estad\u00edsticas. Adem\u00e1s, podemos usar servicios de terceros que recopilan, monitorean y analizan este tipo de informaci\u00f3n (como Google\u00a0Analytics) para aumentar la funcionalidad de nuestro Servicio. Estos proveedores de servicios externos tienen sus propias pol\u00edticas de privacidad sobre el uso de dicha informaci\u00f3n.<\/p><p><strong>Cookies<\/strong><br \/>Las cookies son archivos con una peque\u00f1a cantidad de datos, que pueden incluir un identificador an\u00f3nimo y exclusivo. Un sitio web env\u00eda cookies a su navegador y se transfieren a su dispositivo.<br \/>Usamos cookies para recopilar informaci\u00f3n a fin de mejorar nuestros servicios. Puede configurar su navegador para que rechace todas las cookies o indicar cuando se env\u00ede una. En la funci\u00f3n de Ayuda de la mayor\u00eda de los navegadores, encontrar\u00e1 informaci\u00f3n para aceptar cookies, desactivar cookies o recibir una notificaci\u00f3n cuando se env\u00ede una cookie nueva. Si no acepta las cookies, es posible que no pueda usar ciertas caracter\u00edsticas de nuestro Servicio. Recomendamos que las deje activadas.<\/p><p><strong>Aviso sobre la protecci\u00f3n de rastreo<\/strong><br \/>No ofrecemos compatibilidad con la funci\u00f3n de protecci\u00f3n de rastreo. La protecci\u00f3n de rastreo es una preferencia que se puede definir en el navegador web para informar a los sitios web que no desea ser rastreado. Para activar o desactivar la funci\u00f3n, acceda a las preferencias o a la p\u00e1gina de configuraci\u00f3n de su navegador web. Como no ofrecemos compatibilidad con esta funci\u00f3n, lo rastrearemos cuando use el Servicio, por m\u00e1s que la active.<\/p><p><strong>Proveedores de servicios<\/strong><br \/>Es posible que contratemos a empresas e individuos externos para prestar nuestro Servicio, para prestar el Servicio por nosotros, para llevar a cabo actividades relacionadas con el servicio o para ayudarnos a analizar el uso del Servicio. Estas entidades externas tendr\u00e1n acceso a su Informaci\u00f3n personal \u00fanicamente para llevar a cabo tareas espec\u00edficas en nuestro nombre y no pueden divulgar o usar su informaci\u00f3n para otros fines.<\/p><p><strong>Comunicaciones<\/strong><br \/>Podemos usar su Informaci\u00f3n personal para enviarle boletines, materiales de marketing o publicitarios, y otra informaci\u00f3n de su inter\u00e9s. Si no quiere recibir nuestros correos electr\u00f3nicos de marketing, utilice el enlace que permite cancelar la suscripci\u00f3n, siga las instrucciones provistas en el correo electr\u00f3nico enviado o comun\u00edquese con nosotros. No se puede cancelar el env\u00edo de correos electr\u00f3nicos sobre registros de proyectos, pr\u00e9stamos a 30\u00a0d\u00edas, solicitudes de servicio o reemplazos avanzados, ya que son esenciales para los servicios prestados.<\/p><p><strong>Cumplimiento normativo<\/strong><br \/>Divulgaremos su Informaci\u00f3n personal para cumplir con las leyes o los mandamientos judiciales, si consideramos que es necesario hacerlo para cumplir con la ley y solicitudes razonables de las fuerzas del orden, o para proteger la seguridad o integridad de nuestro Servicio.<\/p><p><strong>Seguridad<\/strong><br \/>La seguridad de su Informaci\u00f3n personal es importante para nosotros. Procuramos implementar y mantener procedimientos y pr\u00e1cticas razonables y aceptables desde el punto de vista comercial y compatibles con la naturaleza de la informaci\u00f3n que almacenamos a fin de protegerla contra accesos, eliminaciones, usos, modificaciones o divulgaciones no autorizados. Sin embargo, tenga en cuenta que ning\u00fan m\u00e9todo de transmisi\u00f3n por Internet o de almacenamiento electr\u00f3nico es completamente seguro. No podemos garantizar la seguridad absoluta de la Informaci\u00f3n personal que recopilamos.<\/p><p><strong>Transferencia internacional<\/strong><br \/>Su informaci\u00f3n, incluso la Informaci\u00f3n personal, puede transferirse y mantenerse en computadoras instaladas fuera de su estado, provincia, pa\u00eds o jurisdicci\u00f3n gubernamental, donde las leyes de protecci\u00f3n de datos pueden diferir de las de su jurisdicci\u00f3n. Si se encuentra fuera de Estados\u00a0Unidos y elige compartir informaci\u00f3n con nosotros, tenga en cuenta que transferiremos la informaci\u00f3n, incluso la Informaci\u00f3n personal, a Estados\u00a0Unidos para su procesamiento. Si acepta las condiciones de esta Pol\u00edtica de privacidad y env\u00eda dicha informaci\u00f3n, significa que acepta la transferencia de datos.<\/p><p><strong>Enlaces a otros sitios<\/strong><br \/>Nuestro Servicio puede contener enlaces a otros sitios operados por terceros. Si hace clic en uno de estos enlaces, acceder\u00e1 al sitio de dicha entidad. Le aconsejamos leer la Pol\u00edtica de privacidad de todos los sitios que visita. No controlamos el contenido, las pol\u00edticas de privacidad o las pr\u00e1cticas de sitios o servicios de terceros. Tampoco nos hacemos responsables de ellos.<\/p><p><strong>Cambios en la Pol\u00edtica de privacidad<\/strong><br \/>Esta Pol\u00edtica de privacidad es v\u00e1lida desde el 31\u00a0de diciembre de\u00a02015 y seguir\u00e1 vigente en todos los sentidos, salvo con respecto a los cambios futuros en sus disposiciones, que entrar\u00e1n en vigencia inmediatamente despu\u00e9s de publicarlos en esta p\u00e1gina. Nos reservamos el derecho de actualizar, modificar, cambiar, a\u00f1adir, eliminar o revisar en cualquier momento toda la Pol\u00edtica de privacidad, o parte de ella. Debe consultar esta Pol\u00edtica de privacidad con frecuencia para conocer la versi\u00f3n m\u00e1s actual. A modo general, solo usaremos su Informaci\u00f3n personal como se describe en la Pol\u00edtica de privacidad vigente al momento de recibir la informaci\u00f3n. Si accede al Servicio o lo usa despu\u00e9s de que publiquemos en esta p\u00e1gina una modificaci\u00f3n de la Pol\u00edtica de privacidad, significa que est\u00e1 al tanto de las modificaciones y acepta someterse a la Pol\u00edtica de privacidad modificada.<\/p><p><strong>Contacto<\/strong><br \/>Si tiene preguntas sobre la Pol\u00edtica de privacidad, comun\u00edquese con nosotros (info@magosys.com).<\/p>\t\t\t\t\t\t<\/div>\n\t\t\t\t<\/div>\n\t\t\t\t\t<\/div>\n\t\t<\/div>\n\t\t\t\t\t\t\t<\/div>\n\t\t<\/section>\n\t\t\t\t\t\t\t<\/div>","protected":false},"excerpt":{"rendered":"<p>Magos Systems (&#8220;us&#8221;, &#8220;we&#8221;, or &#8220;our&#8221;) operates the http:\/\/www.magosys.com website (the &#8220;Service&#8221;). This Privacy Policy informs you of our policies regarding the collection, use and disclosure of Personal Information when you use our Service. Your use of the Service indicates your acceptance of this Privacy Policy and agreement to abide by its terms. If you [&hellip;]<\/p>","protected":false},"author":1,"featured_media":0,"parent":0,"menu_order":0,"comment_status":"closed","ping_status":"closed","template":"","meta":{"footnotes":""},"acf":[],"yoast_head":"<!-- This site is optimized with the Yoast SEO plugin v21.4 - https:\/\/yoast.com\/wordpress\/plugins\/seo\/ -->\n<title>Privacy Policy - Magos Systems<\/title>\n<meta name=\"robots\" content=\"index, follow, max-snippet:-1, max-image-preview:large, max-video-preview:-1\" \/>\n<link rel=\"canonical\" href=\"https:\/\/magossystems.com\/es\/privacy-policy\/\" \/>\n<meta property=\"og:locale\" content=\"es_ES\" \/>\n<meta property=\"og:type\" content=\"article\" \/>\n<meta property=\"og:title\" content=\"Privacy Policy - Magos Systems\" \/>\n<meta property=\"og:description\" content=\"Magos Systems (&#8220;us&#8221;, &#8220;we&#8221;, or &#8220;our&#8221;) operates the http:\/\/www.magosys.com website (the &#8220;Service&#8221;). This Privacy Policy informs you of our policies regarding the collection, use and disclosure of Personal Information when you use our Service. Your use of the Service indicates your acceptance of this Privacy Policy and agreement to abide by its terms. If you [&hellip;]\" \/>\n<meta property=\"og:url\" content=\"https:\/\/magossystems.com\/es\/privacy-policy\/\" \/>\n<meta property=\"og:site_name\" content=\"Magos Systems\" \/>\n<meta property=\"article:publisher\" content=\"https:\/\/www.facebook.com\/magossystems\" \/>\n<meta property=\"article:modified_time\" content=\"2022-04-12T12:28:46+00:00\" \/>\n<meta property=\"og:image\" content=\"https:\/\/magossystems.com\/wp-content\/uploads\/2021\/09\/fb.jpg\" \/>\n\t<meta property=\"og:image:width\" content=\"1859\" \/>\n\t<meta property=\"og:image:height\" content=\"861\" \/>\n\t<meta property=\"og:image:type\" content=\"image\/jpeg\" \/>\n<meta name=\"twitter:card\" content=\"summary_large_image\" \/>\n<meta name=\"twitter:site\" content=\"@magossystems\" \/>\n<meta name=\"twitter:label1\" content=\"Tiempo de lectura\" \/>\n\t<meta name=\"twitter:data1\" content=\"6 minutos\" \/>\n<script type=\"application\/ld+json\" class=\"yoast-schema-graph\">{\"@context\":\"https:\/\/schema.org\",\"@graph\":[{\"@type\":\"WebPage\",\"@id\":\"https:\/\/magossystems.com\/privacy-policy\/\",\"url\":\"https:\/\/magossystems.com\/privacy-policy\/\",\"name\":\"Privacy Policy - Magos Systems\",\"isPartOf\":{\"@id\":\"https:\/\/magossystems.com\/es\/#website\"},\"datePublished\":\"2021-06-01T09:31:33+00:00\",\"dateModified\":\"2022-04-12T12:28:46+00:00\",\"breadcrumb\":{\"@id\":\"https:\/\/magossystems.com\/privacy-policy\/#breadcrumb\"},\"inLanguage\":\"es\",\"potentialAction\":[{\"@type\":\"ReadAction\",\"target\":[\"https:\/\/magossystems.com\/privacy-policy\/\"]}]},{\"@type\":\"BreadcrumbList\",\"@id\":\"https:\/\/magossystems.com\/privacy-policy\/#breadcrumb\",\"itemListElement\":[{\"@type\":\"ListItem\",\"position\":1,\"name\":\"Home\",\"item\":\"https:\/\/magossystems.com\/\"},{\"@type\":\"ListItem\",\"position\":2,\"name\":\"Privacy Policy\"}]},{\"@type\":\"WebSite\",\"@id\":\"https:\/\/magossystems.com\/es\/#website\",\"url\":\"https:\/\/magossystems.com\/es\/\",\"name\":\"Magos Systems\",\"description\":\"The ultimate perimeter security solution\",\"publisher\":{\"@id\":\"https:\/\/magossystems.com\/es\/#organization\"},\"potentialAction\":[{\"@type\":\"SearchAction\",\"target\":{\"@type\":\"EntryPoint\",\"urlTemplate\":\"https:\/\/magossystems.com\/es\/?s={search_term_string}\"},\"query-input\":\"required name=search_term_string\"}],\"inLanguage\":\"es\"},{\"@type\":\"Organization\",\"@id\":\"https:\/\/magossystems.com\/es\/#organization\",\"name\":\"Magos Systems\",\"url\":\"https:\/\/magossystems.com\/es\/\",\"logo\":{\"@type\":\"ImageObject\",\"inLanguage\":\"es\",\"@id\":\"https:\/\/magossystems.com\/es\/#\/schema\/logo\/image\/\",\"url\":\"https:\/\/magossystems.com\/wp-content\/uploads\/2021\/09\/logo.png\",\"contentUrl\":\"https:\/\/magossystems.com\/wp-content\/uploads\/2021\/09\/logo.png\",\"width\":179,\"height\":29,\"caption\":\"Magos Systems\"},\"image\":{\"@id\":\"https:\/\/magossystems.com\/es\/#\/schema\/logo\/image\/\"},\"sameAs\":[\"https:\/\/www.facebook.com\/magossystems\",\"https:\/\/twitter.com\/magossystems\",\"https:\/\/www.linkedin.com\/company\/magosys-systems\/\",\"https:\/\/www.youtube.com\/channel\/UCjsi2HaO8tSONL-Lso2jf-Q\"]}]}<\/script>\n<!-- \/ Yoast SEO plugin. -->","yoast_head_json":{"title":"Privacy Policy - Magos Systems","robots":{"index":"index","follow":"follow","max-snippet":"max-snippet:-1","max-image-preview":"max-image-preview:large","max-video-preview":"max-video-preview:-1"},"canonical":"https:\/\/magossystems.com\/es\/privacy-policy\/","og_locale":"es_ES","og_type":"article","og_title":"Privacy Policy - Magos Systems","og_description":"Magos Systems (&#8220;us&#8221;, &#8220;we&#8221;, or &#8220;our&#8221;) operates the http:\/\/www.magosys.com website (the &#8220;Service&#8221;). This Privacy Policy informs you of our policies regarding the collection, use and disclosure of Personal Information when you use our Service. Your use of the Service indicates your acceptance of this Privacy Policy and agreement to abide by its terms. If you [&hellip;]","og_url":"https:\/\/magossystems.com\/es\/privacy-policy\/","og_site_name":"Magos Systems","article_publisher":"https:\/\/www.facebook.com\/magossystems","article_modified_time":"2022-04-12T12:28:46+00:00","og_image":[{"width":1859,"height":861,"url":"https:\/\/magossystems.com\/wp-content\/uploads\/2021\/09\/fb.jpg","type":"image\/jpeg"}],"twitter_card":"summary_large_image","twitter_site":"@magossystems","twitter_misc":{"Tiempo de lectura":"6 minutos"},"schema":{"@context":"https:\/\/schema.org","@graph":[{"@type":"WebPage","@id":"https:\/\/magossystems.com\/privacy-policy\/","url":"https:\/\/magossystems.com\/privacy-policy\/","name":"Privacy Policy - Magos Systems","isPartOf":{"@id":"https:\/\/magossystems.com\/es\/#website"},"datePublished":"2021-06-01T09:31:33+00:00","dateModified":"2022-04-12T12:28:46+00:00","breadcrumb":{"@id":"https:\/\/magossystems.com\/privacy-policy\/#breadcrumb"},"inLanguage":"es","potentialAction":[{"@type":"ReadAction","target":["https:\/\/magossystems.com\/privacy-policy\/"]}]},{"@type":"BreadcrumbList","@id":"https:\/\/magossystems.com\/privacy-policy\/#breadcrumb","itemListElement":[{"@type":"ListItem","position":1,"name":"Home","item":"https:\/\/magossystems.com\/"},{"@type":"ListItem","position":2,"name":"Privacy Policy"}]},{"@type":"WebSite","@id":"https:\/\/magossystems.com\/es\/#website","url":"https:\/\/magossystems.com\/es\/","name":"Magos Systems","description":"The ultimate perimeter security solution","publisher":{"@id":"https:\/\/magossystems.com\/es\/#organization"},"potentialAction":[{"@type":"SearchAction","target":{"@type":"EntryPoint","urlTemplate":"https:\/\/magossystems.com\/es\/?s={search_term_string}"},"query-input":"required name=search_term_string"}],"inLanguage":"es"},{"@type":"Organization","@id":"https:\/\/magossystems.com\/es\/#organization","name":"Magos Systems","url":"https:\/\/magossystems.com\/es\/","logo":{"@type":"ImageObject","inLanguage":"es","@id":"https:\/\/magossystems.com\/es\/#\/schema\/logo\/image\/","url":"https:\/\/magossystems.com\/wp-content\/uploads\/2021\/09\/logo.png","contentUrl":"https:\/\/magossystems.com\/wp-content\/uploads\/2021\/09\/logo.png","width":179,"height":29,"caption":"Magos Systems"},"image":{"@id":"https:\/\/magossystems.com\/es\/#\/schema\/logo\/image\/"},"sameAs":["https:\/\/www.facebook.com\/magossystems","https:\/\/twitter.com\/magossystems","https:\/\/www.linkedin.com\/company\/magosys-systems\/","https:\/\/www.youtube.com\/channel\/UCjsi2HaO8tSONL-Lso2jf-Q"]}]}},"_links":{"self":[{"href":"https:\/\/magossystems.com\/es\/wp-json\/wp\/v2\/pages\/899"}],"collection":[{"href":"https:\/\/magossystems.com\/es\/wp-json\/wp\/v2\/pages"}],"about":[{"href":"https:\/\/magossystems.com\/es\/wp-json\/wp\/v2\/types\/page"}],"author":[{"embeddable":true,"href":"https:\/\/magossystems.com\/es\/wp-json\/wp\/v2\/users\/1"}],"replies":[{"embeddable":true,"href":"https:\/\/magossystems.com\/es\/wp-json\/wp\/v2\/comments?post=899"}],"version-history":[{"count":72,"href":"https:\/\/magossystems.com\/es\/wp-json\/wp\/v2\/pages\/899\/revisions"}],"predecessor-version":[{"id":3343,"href":"https:\/\/magossystems.com\/es\/wp-json\/wp\/v2\/pages\/899\/revisions\/3343"}],"wp:attachment":[{"href":"https:\/\/magossystems.com\/es\/wp-json\/wp\/v2\/media?parent=899"}],"curies":[{"name":"wp","href":"https:\/\/api.w.org\/{rel}","templated":true}]}}